{"id":6783,"date":"2018-09-19T15:45:06","date_gmt":"2018-09-19T14:45:06","guid":{"rendered":"https:\/\/www.hugochaume.com\/references-clients\/"},"modified":"2020-12-28T17:34:42","modified_gmt":"2020-12-28T16:34:42","slug":"references","status":"publish","type":"page","link":"https:\/\/www.hugochaume.com\/en\/references\/","title":{"rendered":"References"},"content":{"rendered":"\r\n<p><strong>Civil organisations and NGO<\/strong><\/p>\r\n\r\n\r\n\r\n<p><a href=\"https:\/\/www.cj.qc.ca\/\" target=\"_blank\" rel=\"noreferrer noopener\">Chantiers Jeunesse<\/a> <br \/><a href=\"http:\/\/ecpat-france.fr\/\" target=\"_blank\" rel=\"noreferrer noopener\">ECPAT France<\/a> <br \/><a href=\"https:\/\/educaloi.qc.ca\/\" target=\"_blank\" rel=\"noreferrer noopener\">\u00c9ducaloi<\/a> <br \/><a href=\"https:\/\/www.fondation-merieux.org\" target=\"_blank\" rel=\"noreferrer noopener\">Fondation M\u00e9rieux<\/a> <br \/><a href=\"https:\/\/www.unicef.org\/\" target=\"_blank\" rel=\"noreferrer noopener\">UNICEF<\/a> <br \/><a href=\"https:\/\/www.unssc.org\/\" target=\"_blank\" rel=\"noreferrer noopener\">UNSSC<\/a><\/p>\r\n\r\n\r\n\r\n<p><strong>Public services and institutions<\/strong><\/p>\r\n\r\n\r\n\r\n<p><a href=\"https:\/\/www.afd.fr\/fr\" target=\"_blank\" rel=\"noreferrer noopener\">Agence Fran\u00e7aise de D\u00e9veloppement<\/a> <br \/><a href=\"https:\/\/www.hydroquebec.com\" target=\"_blank\" rel=\"noreferrer noopener\">Hydro-Qu\u00e9bec<\/a> <br \/><a href=\"https:\/\/www.mfa.gouv.qc.ca\/fr\/Pages\/index.aspx\" target=\"_blank\" rel=\"noreferrer noopener\">Minist\u00e8re de la Famille du Qu\u00e9bec<\/a> <br \/><a href=\"https:\/\/www.immigration-quebec.gouv.qc.ca\/fr\/accueil.html\" target=\"_blank\" rel=\"noreferrer noopener\">Minist\u00e8re de l&#8217;Immigration, Diversit\u00e9 et Inclusion du Qu\u00e9bec<\/a> <br \/><a href=\"http:\/\/www.interieur.gouv.fr\/\" target=\"_blank\" rel=\"noreferrer noopener\">Minist\u00e8re fran\u00e7ais de l&#8217;Int\u00e9rieur<\/a> <br \/><a href=\"https:\/\/fr.wikipedia.org\/wiki\/Service_d%C3%A9partemental_d'incendie_et_de_secours\" target=\"_blank\" rel=\"noreferrer noopener\">Services D\u00e9partementaux d&#8217;Incendie et de Secours (France)<\/a><\/p>\r\n\r\n\r\n\r\n<p><strong>Education<\/strong><\/p>\r\n\r\n\r\n\r\n<p><a href=\"https:\/\/www.generation-energie.fr\/\" target=\"_blank\" rel=\"noreferrer noopener\">G\u00e9n\u00e9ration \u00c9nergie<\/a> <br \/><a href=\"https:\/\/www.icp.fr\/\" target=\"_blank\" rel=\"noreferrer noopener\">Institut Catholique de Paris<\/a> <br \/><a href=\"https:\/\/www.facebook.com\/isbacyaounde\/\" target=\"_blank\" rel=\"noreferrer noopener\">Institut Sup\u00e9rieur des Beaux Arts Cheikh Anta Diop de Yaound\u00e9<\/a><\/p>\r\n\r\n\r\n\r\n<p><strong>Culture<\/strong><\/p>\r\n\r\n\r\n\r\n<p><a href=\"https:\/\/www.onf.ca\/\" target=\"_blank\" rel=\"noreferrer noopener\">Office National du Film du Canada<\/a> <br \/><a href=\"https:\/\/lerize.villeurbanne.fr\" target=\"_blank\" rel=\"noreferrer noopener\">Le Rize<\/a><\/p>\r\n\r\n\r\n\r\n<p><strong>Finance<\/strong><\/p>\r\n\r\n\r\n\r\n<p><a href=\"https:\/\/www.desjardins.com\/\" target=\"_blank\" rel=\"noreferrer noopener\">Caisse Desjardins<\/a> <br \/><a href=\"http:\/\/www.edmond-de-rothschild.com\/fr\/private-banking\/Pages\/default.aspx?fu=\/fr\/banque-privee\/presentation\" target=\"_blank\" rel=\"noreferrer noopener\">Edmond de Rothschild SA<\/a> <br \/><a href=\"https:\/\/www.fondsftq.com\/\" target=\"_blank\" rel=\"noreferrer noopener\">Fonds de solidarit\u00e9 FTQ<\/a><\/p>\r\n\r\n\r\n\r\n<p><strong>Corporate<\/strong><\/p>\r\n\r\n\r\n\r\n<p><a href=\"https:\/\/saerosemont.com\" target=\"_blank\" rel=\"noopener\">Rosemont College &#8211; Professional services<\/a><br \/><a href=\"http:\/\/www.roche.com\/\" target=\"_blank\" rel=\"noreferrer noopener\">Roche<\/a> <br \/><a href=\"https:\/\/www.google.com\/url?sa=t&amp;rct=j&amp;q=&amp;esrc=s&amp;source=web&amp;cd=&amp;cad=rja&amp;uact=8&amp;ved=2ahUKEwitqr6n_vDtAhXhmOAKHcx-Ah4QFjAAegQIAhAE&amp;url=https%3A%2F%2Fwww.oaciq.com%2Ffr&amp;usg=AOvVaw1_PVIf7iZOVyUAY1a1l2th\" target=\"_blank\" rel=\"noreferrer noopener\">OACIQ<\/a> <br \/><a href=\"https:\/\/optmq.org\/\" target=\"_blank\" rel=\"noreferrer noopener\">OPTMQ<\/a> <br \/><a href=\"http:\/\/www.sanofi.com\/\" target=\"_blank\" rel=\"noreferrer noopener\">Sanofi<\/a> <br \/><a href=\"http:\/\/www.renault-trucks.com\/fr\/\" target=\"_blank\" rel=\"noreferrer noopener\">Renault Trucks IT<\/a> <br \/><a href=\"https:\/\/www.vinci.com\" target=\"_blank\" rel=\"noreferrer noopener\">Vinci RH<\/a><\/p>\r\n\r\n<div id=\"pl-686\" class=\"panel-layout\"><strong>Transportation<\/strong>\r\n<div id=\"pg-686-5\" class=\"panel-grid panel-no-style\" data-style=\"{&quot;background_image_attachment&quot;:false,&quot;background_display&quot;:&quot;tile&quot;,&quot;cell_alignment&quot;:&quot;flex-start&quot;}\" data-ratio=\"1\" data-ratio-direction=\"right\">\r\n<div id=\"pgc-686-5-0\" class=\"panel-grid-cell\" data-weight=\"0.33333333333333\">\r\n<div id=\"panel-686-5-0-0\" class=\"so-panel widget widget_sow-editor panel-first-child panel-last-child\" data-index=\"21\" data-style=\"{&quot;background_image_attachment&quot;:false,&quot;background_display&quot;:&quot;tile&quot;}\">\r\n<div class=\"so-widget-sow-editor so-widget-sow-editor-base\">\r\n<div>\u00a0<\/div>\r\n<div class=\"siteorigin-widget-tinymce textwidget\"><a href=\"https:\/\/www.parisaeroport.fr\/\" target=\"_blank\" rel=\"noopener\">Paris airport society<\/a><\/div>\r\n<div>\r\n<div class=\"siteorigin-widget-tinymce textwidget\"><a href=\"https:\/\/www.sncf.com\" target=\"_blank\" rel=\"noopener\">SNCF DSI<\/a><\/div>\r\n<div class=\"siteorigin-widget-tinymce textwidget\"><a href=\"https:\/\/www.sncf.com\" target=\"_blank\" rel=\"noopener\">SNCF Transilien<\/a><\/div>\r\n<\/div>\r\n<\/div>\r\n<\/div>\r\n<\/div>\r\n<div id=\"pgc-686-5-1\" class=\"panel-grid-cell\" data-weight=\"0.33333333333333\">\r\n<div id=\"panel-686-5-1-0\" class=\"so-panel widget widget_sow-editor panel-first-child panel-last-child\" data-index=\"22\" data-style=\"{&quot;background_image_attachment&quot;:false,&quot;background_display&quot;:&quot;tile&quot;}\">\r\n<div class=\"so-widget-sow-editor so-widget-sow-editor-base\">\r\n<div class=\"siteorigin-widget-tinymce textwidget\">\u00a0<\/div>\r\n<\/div>\r\n<\/div>\r\n<\/div>\r\n<\/div>\r\n<\/div>","protected":false},"excerpt":{"rendered":"<p>Civil organisations and NGO Chantiers Jeunesse ECPAT France \u00c9ducaloi Fondation M\u00e9rieux UNICEF UNSSC Public services and institutions Agence Fran\u00e7aise de D\u00e9veloppement Hydro-Qu\u00e9bec Minist\u00e8re de la Famille du Qu\u00e9bec Minist\u00e8re de l&#8217;Immigration, Diversit\u00e9 et Inclusion du Qu\u00e9bec Minist\u00e8re fran\u00e7ais de l&#8217;Int\u00e9rieur Services D\u00e9partementaux d&#8217;Incendie et de Secours (France) Education G\u00e9n\u00e9ration \u00c9nergie Institut Catholique de Paris Institut&hellip; <a class=\"more-link\" href=\"https:\/\/www.hugochaume.com\/en\/references\/\">Continue reading <span class=\"screen-reader-text\">References<\/span><\/a><\/p>\n","protected":false},"author":1,"featured_media":0,"parent":0,"menu_order":0,"comment_status":"closed","ping_status":"closed","template":"","meta":[],"aioseo_notices":[],"_links":{"self":[{"href":"https:\/\/www.hugochaume.com\/en\/wp-json\/wp\/v2\/pages\/6783"}],"collection":[{"href":"https:\/\/www.hugochaume.com\/en\/wp-json\/wp\/v2\/pages"}],"about":[{"href":"https:\/\/www.hugochaume.com\/en\/wp-json\/wp\/v2\/types\/page"}],"author":[{"embeddable":true,"href":"https:\/\/www.hugochaume.com\/en\/wp-json\/wp\/v2\/users\/1"}],"replies":[{"embeddable":true,"href":"https:\/\/www.hugochaume.com\/en\/wp-json\/wp\/v2\/comments?post=6783"}],"version-history":[{"count":10,"href":"https:\/\/www.hugochaume.com\/en\/wp-json\/wp\/v2\/pages\/6783\/revisions"}],"predecessor-version":[{"id":7052,"href":"https:\/\/www.hugochaume.com\/en\/wp-json\/wp\/v2\/pages\/6783\/revisions\/7052"}],"wp:attachment":[{"href":"https:\/\/www.hugochaume.com\/en\/wp-json\/wp\/v2\/media?parent=6783"}],"curies":[{"name":"wp","href":"https:\/\/api.w.org\/{rel}","templated":true}]}}